{"id":598,"date":"2023-09-19T14:18:43","date_gmt":"2023-09-19T17:18:43","guid":{"rendered":"https:\/\/tucaminodigital.com\/?post_type=product&#038;p=598"},"modified":"2023-10-02T14:42:56","modified_gmt":"2023-10-02T17:42:56","slug":"pack-emprendedor-para-instagram","status":"publish","type":"product","link":"https:\/\/tucaminodigital.com\/index.php\/producto\/pack-emprendedor-para-instagram\/","title":{"rendered":"Pack pro para Instagram"},"content":{"rendered":"<ul class=\"elementor-price-table__features-list\">\n<li class=\"elementor-repeater-item-3015340\">\n<div class=\"elementor-price-table__feature-inner\">6 plantillas para post de Instagram<\/div>\n<\/li>\n<li class=\"elementor-repeater-item-976610b\">\n<div class=\"elementor-price-table__feature-inner\"><i class=\"far fa-check-circle\" aria-hidden=\"true\"><\/i>6 plantillas para historias de Instagram<\/div>\n<\/li>\n<li class=\"elementor-repeater-item-606ceb8\">\n<div class=\"elementor-price-table__feature-inner\"><i class=\"far fa-check-circle\" aria-hidden=\"true\"><\/i>5 portadas para historias destacadas<\/div>\n<\/li>\n<li class=\"elementor-repeater-item-90ae4fd\">\n<div class=\"elementor-price-table__feature-inner\"><i class=\"far fa-check-circle\" aria-hidden=\"true\"><\/i>1 dise\u00f1o de carrusel de cuatro p\u00e1ginas editable<\/div>\n<\/li>\n<li class=\"elementor-repeater-item-40ca9b9\">\n<div class=\"elementor-price-table__feature-inner\"><i class=\"far fa-check-circle\" aria-hidden=\"true\"><\/i>2 portadas para reels<\/div>\n<\/li>\n<li class=\"elementor-repeater-item-7f60a69\">\n<div class=\"elementor-price-table__feature-inner\"><i class=\"far fa-check-circle\" aria-hidden=\"true\"><\/i>Paleta de colores y tipograf\u00edas<\/div>\n<\/li>\n<\/ul>\n","protected":false},"excerpt":{"rendered":"<p>6 plantillas para post de Instagram 6 plantillas para historias de Instagram 5 portadas para historias destacadas 1 dise\u00f1o de carrusel de cuatro p\u00e1ginas editable 2 portadas para reels Paleta de colores y tipograf\u00edas<\/p>\n","protected":false},"featured_media":0,"template":"","meta":[],"product_brand":[],"product_cat":[26],"product_tag":[],"class_list":{"0":"post-598","1":"product","2":"type-product","3":"status-publish","5":"product_cat-sin-categorizar","7":"first","8":"instock","9":"shipping-taxable","10":"purchasable","11":"product-type-simple"},"yoast_head":"<!-- This site is optimized with the Yoast SEO plugin v27.2 - https:\/\/yoast.com\/product\/yoast-seo-wordpress\/ -->\n<title>Pack pro para Instagram - Tu Camino Digital<\/title>\n<meta name=\"robots\" content=\"index, follow, max-snippet:-1, max-image-preview:large, max-video-preview:-1\" \/>\n<link rel=\"canonical\" href=\"https:\/\/tucaminodigital.com\/index.php\/producto\/pack-emprendedor-para-instagram\/\" \/>\n<meta property=\"og:locale\" content=\"es_ES\" \/>\n<meta property=\"og:type\" content=\"article\" \/>\n<meta property=\"og:title\" content=\"Pack pro para Instagram - Tu Camino Digital\" \/>\n<meta property=\"og:description\" content=\"6 plantillas para post de Instagram 6 plantillas para historias de Instagram 5 portadas para historias destacadas 1 dise\u00f1o de carrusel de cuatro p\u00e1ginas editable 2 portadas para reels Paleta de colores y tipograf\u00edas\" \/>\n<meta property=\"og:url\" content=\"https:\/\/tucaminodigital.com\/index.php\/producto\/pack-emprendedor-para-instagram\/\" \/>\n<meta property=\"og:site_name\" content=\"Tu Camino Digital\" \/>\n<meta property=\"article:modified_time\" content=\"2023-10-02T17:42:56+00:00\" \/>\n<meta name=\"twitter:card\" content=\"summary_large_image\" \/>\n<script type=\"application\/ld+json\" class=\"yoast-schema-graph\">{\"@context\":\"https:\/\/schema.org\",\"@graph\":[{\"@type\":\"WebPage\",\"@id\":\"https:\/\/tucaminodigital.com\/index.php\/producto\/pack-emprendedor-para-instagram\/\",\"url\":\"https:\/\/tucaminodigital.com\/index.php\/producto\/pack-emprendedor-para-instagram\/\",\"name\":\"Pack pro para Instagram - Tu Camino Digital\",\"isPartOf\":{\"@id\":\"https:\/\/tucaminodigital.com\/#website\"},\"datePublished\":\"2023-09-19T17:18:43+00:00\",\"dateModified\":\"2023-10-02T17:42:56+00:00\",\"breadcrumb\":{\"@id\":\"https:\/\/tucaminodigital.com\/index.php\/producto\/pack-emprendedor-para-instagram\/#breadcrumb\"},\"inLanguage\":\"es-AR\",\"potentialAction\":[{\"@type\":\"ReadAction\",\"target\":[\"https:\/\/tucaminodigital.com\/index.php\/producto\/pack-emprendedor-para-instagram\/\"]}]},{\"@type\":\"BreadcrumbList\",\"@id\":\"https:\/\/tucaminodigital.com\/index.php\/producto\/pack-emprendedor-para-instagram\/#breadcrumb\",\"itemListElement\":[{\"@type\":\"ListItem\",\"position\":1,\"name\":\"Inicio\",\"item\":\"https:\/\/tucaminodigital.com\/\"},{\"@type\":\"ListItem\",\"position\":2,\"name\":\"Productos\",\"item\":\"https:\/\/tucaminodigital.com\/index.php\/shop\/\"},{\"@type\":\"ListItem\",\"position\":3,\"name\":\"Pack pro para Instagram\"}]},{\"@type\":\"WebSite\",\"@id\":\"https:\/\/tucaminodigital.com\/#website\",\"url\":\"https:\/\/tucaminodigital.com\/\",\"name\":\"Tu Camino Digital\",\"description\":\"\",\"publisher\":{\"@id\":\"https:\/\/tucaminodigital.com\/#\/schema\/person\/56dca07a799200d20a4fc9e6e5babc0c\"},\"potentialAction\":[{\"@type\":\"SearchAction\",\"target\":{\"@type\":\"EntryPoint\",\"urlTemplate\":\"https:\/\/tucaminodigital.com\/?s={search_term_string}\"},\"query-input\":{\"@type\":\"PropertyValueSpecification\",\"valueRequired\":true,\"valueName\":\"search_term_string\"}}],\"inLanguage\":\"es-AR\"},{\"@type\":[\"Person\",\"Organization\"],\"@id\":\"https:\/\/tucaminodigital.com\/#\/schema\/person\/56dca07a799200d20a4fc9e6e5babc0c\",\"name\":\"tucaminodigital.com\",\"image\":{\"@type\":\"ImageObject\",\"inLanguage\":\"es-AR\",\"@id\":\"https:\/\/tucaminodigital.com\/wp-content\/uploads\/2023\/07\/sOFI-mOYANO-2.svg\",\"url\":\"https:\/\/tucaminodigital.com\/wp-content\/uploads\/2023\/07\/sOFI-mOYANO-2.svg\",\"contentUrl\":\"https:\/\/tucaminodigital.com\/wp-content\/uploads\/2023\/07\/sOFI-mOYANO-2.svg\",\"width\":200,\"height\":100,\"caption\":\"tucaminodigital.com\"},\"logo\":{\"@id\":\"https:\/\/tucaminodigital.com\/wp-content\/uploads\/2023\/07\/sOFI-mOYANO-2.svg\"},\"sameAs\":[\"http:\/\/canva.com\/p\/tu-camino-digital\/\",\"instagram.com\/tucaminodigital2.0\"]}]}<\/script>\n<!-- \/ Yoast SEO plugin. -->","yoast_head_json":{"title":"Pack pro para Instagram - Tu Camino Digital","robots":{"index":"index","follow":"follow","max-snippet":"max-snippet:-1","max-image-preview":"max-image-preview:large","max-video-preview":"max-video-preview:-1"},"canonical":"https:\/\/tucaminodigital.com\/index.php\/producto\/pack-emprendedor-para-instagram\/","og_locale":"es_ES","og_type":"article","og_title":"Pack pro para Instagram - Tu Camino Digital","og_description":"6 plantillas para post de Instagram 6 plantillas para historias de Instagram 5 portadas para historias destacadas 1 dise\u00f1o de carrusel de cuatro p\u00e1ginas editable 2 portadas para reels Paleta de colores y tipograf\u00edas","og_url":"https:\/\/tucaminodigital.com\/index.php\/producto\/pack-emprendedor-para-instagram\/","og_site_name":"Tu Camino Digital","article_modified_time":"2023-10-02T17:42:56+00:00","twitter_card":"summary_large_image","schema":{"@context":"https:\/\/schema.org","@graph":[{"@type":"WebPage","@id":"https:\/\/tucaminodigital.com\/index.php\/producto\/pack-emprendedor-para-instagram\/","url":"https:\/\/tucaminodigital.com\/index.php\/producto\/pack-emprendedor-para-instagram\/","name":"Pack pro para Instagram - Tu Camino Digital","isPartOf":{"@id":"https:\/\/tucaminodigital.com\/#website"},"datePublished":"2023-09-19T17:18:43+00:00","dateModified":"2023-10-02T17:42:56+00:00","breadcrumb":{"@id":"https:\/\/tucaminodigital.com\/index.php\/producto\/pack-emprendedor-para-instagram\/#breadcrumb"},"inLanguage":"es-AR","potentialAction":[{"@type":"ReadAction","target":["https:\/\/tucaminodigital.com\/index.php\/producto\/pack-emprendedor-para-instagram\/"]}]},{"@type":"BreadcrumbList","@id":"https:\/\/tucaminodigital.com\/index.php\/producto\/pack-emprendedor-para-instagram\/#breadcrumb","itemListElement":[{"@type":"ListItem","position":1,"name":"Inicio","item":"https:\/\/tucaminodigital.com\/"},{"@type":"ListItem","position":2,"name":"Productos","item":"https:\/\/tucaminodigital.com\/index.php\/shop\/"},{"@type":"ListItem","position":3,"name":"Pack pro para Instagram"}]},{"@type":"WebSite","@id":"https:\/\/tucaminodigital.com\/#website","url":"https:\/\/tucaminodigital.com\/","name":"Tu Camino Digital","description":"","publisher":{"@id":"https:\/\/tucaminodigital.com\/#\/schema\/person\/56dca07a799200d20a4fc9e6e5babc0c"},"potentialAction":[{"@type":"SearchAction","target":{"@type":"EntryPoint","urlTemplate":"https:\/\/tucaminodigital.com\/?s={search_term_string}"},"query-input":{"@type":"PropertyValueSpecification","valueRequired":true,"valueName":"search_term_string"}}],"inLanguage":"es-AR"},{"@type":["Person","Organization"],"@id":"https:\/\/tucaminodigital.com\/#\/schema\/person\/56dca07a799200d20a4fc9e6e5babc0c","name":"tucaminodigital.com","image":{"@type":"ImageObject","inLanguage":"es-AR","@id":"https:\/\/tucaminodigital.com\/wp-content\/uploads\/2023\/07\/sOFI-mOYANO-2.svg","url":"https:\/\/tucaminodigital.com\/wp-content\/uploads\/2023\/07\/sOFI-mOYANO-2.svg","contentUrl":"https:\/\/tucaminodigital.com\/wp-content\/uploads\/2023\/07\/sOFI-mOYANO-2.svg","width":200,"height":100,"caption":"tucaminodigital.com"},"logo":{"@id":"https:\/\/tucaminodigital.com\/wp-content\/uploads\/2023\/07\/sOFI-mOYANO-2.svg"},"sameAs":["http:\/\/canva.com\/p\/tu-camino-digital\/","instagram.com\/tucaminodigital2.0"]}]}},"_links":{"self":[{"href":"https:\/\/tucaminodigital.com\/index.php\/wp-json\/wp\/v2\/product\/598","targetHints":{"allow":["GET"]}}],"collection":[{"href":"https:\/\/tucaminodigital.com\/index.php\/wp-json\/wp\/v2\/product"}],"about":[{"href":"https:\/\/tucaminodigital.com\/index.php\/wp-json\/wp\/v2\/types\/product"}],"wp:attachment":[{"href":"https:\/\/tucaminodigital.com\/index.php\/wp-json\/wp\/v2\/media?parent=598"}],"wp:term":[{"taxonomy":"product_brand","embeddable":true,"href":"https:\/\/tucaminodigital.com\/index.php\/wp-json\/wp\/v2\/product_brand?post=598"},{"taxonomy":"product_cat","embeddable":true,"href":"https:\/\/tucaminodigital.com\/index.php\/wp-json\/wp\/v2\/product_cat?post=598"},{"taxonomy":"product_tag","embeddable":true,"href":"https:\/\/tucaminodigital.com\/index.php\/wp-json\/wp\/v2\/product_tag?post=598"}],"curies":[{"name":"wp","href":"https:\/\/api.w.org\/{rel}","templated":true}]}}