{"id":259,"date":"2023-07-21T13:42:31","date_gmt":"2023-07-21T16:42:31","guid":{"rendered":"https:\/\/tucaminodigital.com\/index.php\/about\/"},"modified":"2025-05-05T13:44:38","modified_gmt":"2025-05-05T16:44:38","slug":"about","status":"publish","type":"page","link":"https:\/\/tucaminodigital.com\/index.php\/inicio\/about\/","title":{"rendered":"Sobre M\u00ed"},"content":{"rendered":"\t\t<div data-elementor-type=\"wp-page\" data-elementor-id=\"259\" class=\"elementor elementor-259\" data-elementor-post-type=\"page\">\n\t\t\t\t\t\t<section class=\"elementor-section elementor-top-section elementor-element elementor-element-2f049d31 elementor-section-full_width elementor-section-height-min-height elementor-section-content-middle elementor-section-height-default elementor-section-items-middle\" data-id=\"2f049d31\" data-element_type=\"section\">\n\t\t\t\t\t\t<div class=\"elementor-container elementor-column-gap-no\">\n\t\t\t\t\t<div class=\"elementor-column elementor-col-50 elementor-top-column elementor-element elementor-element-a4c43ed\" data-id=\"a4c43ed\" data-element_type=\"column\" data-settings=\"{&quot;background_background&quot;:&quot;classic&quot;}\">\n\t\t\t<div class=\"elementor-widget-wrap elementor-element-populated\">\n\t\t\t\t\t\t<div class=\"elementor-element elementor-element-74cda317 elementor-widget elementor-widget-spacer\" data-id=\"74cda317\" data-element_type=\"widget\" data-widget_type=\"spacer.default\">\n\t\t\t\t<div class=\"elementor-widget-container\">\n\t\t\t\t\t\t\t<div class=\"elementor-spacer\">\n\t\t\t<div class=\"elementor-spacer-inner\"><\/div>\n\t\t<\/div>\n\t\t\t\t\t\t<\/div>\n\t\t\t\t<\/div>\n\t\t\t\t\t<\/div>\n\t\t<\/div>\n\t\t\t\t<div class=\"elementor-column elementor-col-50 elementor-top-column elementor-element elementor-element-6e086e74\" data-id=\"6e086e74\" data-element_type=\"column\">\n\t\t\t<div class=\"elementor-widget-wrap elementor-element-populated\">\n\t\t\t\t\t\t<section class=\"elementor-section elementor-inner-section elementor-element elementor-element-7789cfc6 elementor-section-full_width elementor-section-height-default elementor-section-height-default\" data-id=\"7789cfc6\" data-element_type=\"section\">\n\t\t\t\t\t\t<div class=\"elementor-container elementor-column-gap-no\">\n\t\t\t\t\t<div class=\"elementor-column elementor-col-100 elementor-inner-column elementor-element elementor-element-65414de4\" data-id=\"65414de4\" data-element_type=\"column\">\n\t\t\t<div class=\"elementor-widget-wrap elementor-element-populated\">\n\t\t\t\t\t\t<div class=\"elementor-element elementor-element-3bca569d elementor-widget elementor-widget-heading\" data-id=\"3bca569d\" data-element_type=\"widget\" data-widget_type=\"heading.default\">\n\t\t\t\t<div class=\"elementor-widget-container\">\n\t\t\t\t\t<h1 class=\"elementor-heading-title elementor-size-default\">\u00a1Hola! Mi nombre es Sofi Moyano<\/h1>\t\t\t\t<\/div>\n\t\t\t\t<\/div>\n\t\t\t\t\t<\/div>\n\t\t<\/div>\n\t\t\t\t\t<\/div>\n\t\t<\/section>\n\t\t\t\t<section class=\"elementor-section elementor-inner-section elementor-element elementor-element-64165a79 elementor-section-full_width elementor-section-content-middle elementor-section-height-default elementor-section-height-default\" data-id=\"64165a79\" data-element_type=\"section\" data-settings=\"{&quot;background_background&quot;:&quot;classic&quot;}\">\n\t\t\t\t\t\t<div class=\"elementor-container elementor-column-gap-no\">\n\t\t\t\t\t<div class=\"elementor-column elementor-col-100 elementor-inner-column elementor-element elementor-element-f0e133d\" data-id=\"f0e133d\" data-element_type=\"column\" data-settings=\"{&quot;background_background&quot;:&quot;classic&quot;}\">\n\t\t\t<div class=\"elementor-widget-wrap elementor-element-populated\">\n\t\t\t\t\t\t<div class=\"elementor-element elementor-element-6ad77e44 elementor-widget-mobile__width-inherit elementor-widget elementor-widget-heading\" data-id=\"6ad77e44\" data-element_type=\"widget\" data-widget_type=\"heading.default\">\n\t\t\t\t<div class=\"elementor-widget-container\">\n\t\t\t\t\t<h4 class=\"elementor-heading-title elementor-size-default\">Desde mi adolescencia descubr\u00ed lo feliz que me hace ayudar a emprendedoras a crear <b>marcas que luzcan hermosas y funcionen correctamente<\/b>. Desde ese entonces, supe que iba a dedicarme a <b>fusionar el marketing, el branding y el dise\u00f1o <\/b>para poder ayudar a quienes est\u00e9n en esa b\u00fasqueda. Y de all\u00ed nace <b>Tu Camino Digital.<\/b><\/h4>\t\t\t\t<\/div>\n\t\t\t\t<\/div>\n\t\t\t\t\t<\/div>\n\t\t<\/div>\n\t\t\t\t\t<\/div>\n\t\t<\/section>\n\t\t\t\t\t<\/div>\n\t\t<\/div>\n\t\t\t\t\t<\/div>\n\t\t<\/section>\n\t\t\t\t<section class=\"elementor-section elementor-top-section elementor-element elementor-element-046655b elementor-section-full_width elementor-section-height-default elementor-section-height-default\" data-id=\"046655b\" data-element_type=\"section\">\n\t\t\t\t\t\t<div class=\"elementor-container elementor-column-gap-default\">\n\t\t\t\t\t<div class=\"elementor-column elementor-col-100 elementor-top-column elementor-element elementor-element-9fd2368\" data-id=\"9fd2368\" data-element_type=\"column\">\n\t\t\t<div class=\"elementor-widget-wrap elementor-element-populated\">\n\t\t\t\t\t\t<div class=\"elementor-element elementor-element-e8cbbd9 animated-slow elementor-invisible elementor-widget elementor-widget-heading\" data-id=\"e8cbbd9\" data-element_type=\"widget\" data-settings=\"{&quot;_animation&quot;:&quot;fadeInRight&quot;}\" data-widget_type=\"heading.default\">\n\t\t\t\t<div class=\"elementor-widget-container\">\n\t\t\t\t\t<h2 class=\"elementor-heading-title elementor-size-default\">\u00bfC\u00f3mo apareci\u00f3 Canva en mi vida?<\/h2>\t\t\t\t<\/div>\n\t\t\t\t<\/div>\n\t\t\t\t<section class=\"elementor-section elementor-inner-section elementor-element elementor-element-76932002 elementor-section-full_width elementor-section-content-middle elementor-section-height-default elementor-section-height-default\" data-id=\"76932002\" data-element_type=\"section\" data-settings=\"{&quot;background_background&quot;:&quot;classic&quot;}\">\n\t\t\t\t\t\t<div class=\"elementor-container elementor-column-gap-wide\">\n\t\t\t\t\t<div class=\"elementor-column elementor-col-100 elementor-inner-column elementor-element elementor-element-32d26214\" data-id=\"32d26214\" data-element_type=\"column\" data-settings=\"{&quot;background_background&quot;:&quot;classic&quot;}\">\n\t\t\t<div class=\"elementor-widget-wrap elementor-element-populated\">\n\t\t\t\t\t\t<div class=\"elementor-element elementor-element-4396e754 elementor-widget elementor-widget-heading\" data-id=\"4396e754\" data-element_type=\"widget\" data-widget_type=\"heading.default\">\n\t\t\t\t<div class=\"elementor-widget-container\">\n\t\t\t\t\t<h3 class=\"elementor-heading-title elementor-size-default\">Desde el inicio, Canva.<\/h3>\t\t\t\t<\/div>\n\t\t\t\t<\/div>\n\t\t\t\t<div class=\"elementor-element elementor-element-628bad60 elementor-widget elementor-widget-text-editor\" data-id=\"628bad60\" data-element_type=\"widget\" data-widget_type=\"text-editor.default\">\n\t\t\t\t<div class=\"elementor-widget-container\">\n\t\t\t\t\t\t\t\t\t<p>Mi primer acercamiento con el mundo del dise\u00f1o digital y la presencia en redes sociales fue en 2014, cuando ten\u00eda solo 16 a\u00f1os y me ofrec\u00ed a embellecer y potenciar el emprendimiento de mi familia con el objetivo de aprender m\u00e1s sobre redes y dise\u00f1o digital por cuenta propia. Desde all\u00ed, se convirti\u00f3 en <b>mi gran aliada en el mundo de la creaci\u00f3n de contenidos<\/b> y se la recomiendo fuertemente a cada emprendedor, tengan o no tengan experiencia, ya que es una<strong> plataforma muy amigable e intuitiva para todos<\/strong>.<\/p>\t\t\t\t\t\t\t\t<\/div>\n\t\t\t\t<\/div>\n\t\t\t\t<div class=\"elementor-element elementor-element-ddb9a5 elementor-widget elementor-widget-heading\" data-id=\"ddb9a5\" data-element_type=\"widget\" data-widget_type=\"heading.default\">\n\t\t\t\t<div class=\"elementor-widget-container\">\n\t\t\t\t\t<h3 class=\"elementor-heading-title elementor-size-default\">Mi experiencia emprendedora<\/h3>\t\t\t\t<\/div>\n\t\t\t\t<\/div>\n\t\t\t\t<div class=\"elementor-element elementor-element-1f3c231b elementor-widget elementor-widget-text-editor\" data-id=\"1f3c231b\" data-element_type=\"widget\" data-widget_type=\"text-editor.default\">\n\t\t\t\t<div class=\"elementor-widget-container\">\n\t\t\t\t\t\t\t\t\t<p>Desde que me anim\u00e9 a emprender y cree mi marca personal llamada Tu Camino Digital en 2020<strong>,<\/strong> ayud\u00e9 a m\u00e1s de 50 emprendedoras a comunicar de manera clara, linda y efectiva su mensaje de marca <b>utilizando Canva como herramienta principal<\/b> para crear y editar sus plantillas personalizadas. Sumado a eso, tambi\u00e9n <b>capacit\u00e9 <\/b>a muchas de ellas para que puedan sacarle el <b>m\u00e1ximo provecho<\/b> posible a esta plataforma que tanto adoro, para que as\u00ed, puedan comenzar a explorar sus dise\u00f1os personalizados y a crear otros, <b>de manera f\u00e1cil y agradable<\/b><strong>.<\/strong><\/p>\t\t\t\t\t\t\t\t<\/div>\n\t\t\t\t<\/div>\n\t\t\t\t<div class=\"elementor-element elementor-element-6a05d788 elementor-widget elementor-widget-heading\" data-id=\"6a05d788\" data-element_type=\"widget\" data-widget_type=\"heading.default\">\n\t\t\t\t<div class=\"elementor-widget-container\">\n\t\t\t\t\t<h3 class=\"elementor-heading-title elementor-size-default\">Creando para Canva, mi sue\u00f1o.<\/h3>\t\t\t\t<\/div>\n\t\t\t\t<\/div>\n\t\t\t\t<div class=\"elementor-element elementor-element-27d7b89d elementor-widget elementor-widget-text-editor\" data-id=\"27d7b89d\" data-element_type=\"widget\" data-widget_type=\"text-editor.default\">\n\t\t\t\t<div class=\"elementor-widget-container\">\n\t\t\t\t\t\t\t\t\t<p>Desde enero de 2022 puedo decir orgullosamente que formo parte del programa de mis sue\u00f1os: <b>Canva Creators<\/b>. Adem\u00e1s de ser creadora oficial para Canva, soy <b>Canvassador <\/b>(embajadora del programa en Argentina)\u2063 y tambi\u00e9n <b>Super Creator<\/b> (formo parte de los 50 mejores dise\u00f1adores a nivel mundial dentro de Canva Creators). Estoy muy feliz de poder formar parte de la plataforma que me despert\u00f3 mi mayor pasi\u00f3n hace muchos a\u00f1os atr\u00e1s y aportar con mis dise\u00f1os dentro de su biblioteca.\u00a0<\/p>\t\t\t\t\t\t\t\t<\/div>\n\t\t\t\t<\/div>\n\t\t\t\t\t<\/div>\n\t\t<\/div>\n\t\t\t\t\t<\/div>\n\t\t<\/section>\n\t\t\t\t\t<\/div>\n\t\t<\/div>\n\t\t\t\t\t<\/div>\n\t\t<\/section>\n\t\t\t\t<section class=\"elementor-section elementor-top-section elementor-element elementor-element-57f6f7a8 elementor-section-full_width elementor-section-content-middle elementor-section-height-default elementor-section-height-default\" data-id=\"57f6f7a8\" data-element_type=\"section\">\n\t\t\t\t\t\t<div class=\"elementor-container elementor-column-gap-no\">\n\t\t\t\t\t<div class=\"elementor-column elementor-col-50 elementor-top-column elementor-element elementor-element-68b77dbd\" data-id=\"68b77dbd\" data-element_type=\"column\">\n\t\t\t<div class=\"elementor-widget-wrap elementor-element-populated\">\n\t\t\t\t\t\t<section class=\"elementor-section elementor-inner-section elementor-element elementor-element-61be36fb elementor-section-full_width elementor-section-height-default elementor-section-height-default\" data-id=\"61be36fb\" data-element_type=\"section\">\n\t\t\t\t\t\t<div class=\"elementor-container elementor-column-gap-no\">\n\t\t\t\t\t<div class=\"elementor-column elementor-col-100 elementor-inner-column elementor-element elementor-element-3427db21\" data-id=\"3427db21\" data-element_type=\"column\">\n\t\t\t<div class=\"elementor-widget-wrap elementor-element-populated\">\n\t\t\t\t\t\t<div class=\"elementor-element elementor-element-635044d2 elementor-widget__width-initial elementor-widget elementor-widget-heading\" data-id=\"635044d2\" data-element_type=\"widget\" data-widget_type=\"heading.default\">\n\t\t\t\t<div class=\"elementor-widget-container\">\n\t\t\t\t\t<h1 class=\"elementor-heading-title elementor-size-default\">Te gustar\u00eda que trabajemos juntas?<\/h1>\t\t\t\t<\/div>\n\t\t\t\t<\/div>\n\t\t\t\t<div class=\"elementor-element elementor-element-383fce4b elementor-widget__width-initial elementor-absolute animated-slow elementor-widget-tablet__width-initial elementor-widget-mobile__width-initial elementor-invisible elementor-widget elementor-widget-spacer\" data-id=\"383fce4b\" data-element_type=\"widget\" data-settings=\"{&quot;_position&quot;:&quot;absolute&quot;,&quot;_animation&quot;:&quot;fadeInUp&quot;}\" data-widget_type=\"spacer.default\">\n\t\t\t\t<div class=\"elementor-widget-container\">\n\t\t\t\t\t\t\t<div class=\"elementor-spacer\">\n\t\t\t<div class=\"elementor-spacer-inner\"><\/div>\n\t\t<\/div>\n\t\t\t\t\t\t<\/div>\n\t\t\t\t<\/div>\n\t\t\t\t\t<\/div>\n\t\t<\/div>\n\t\t\t\t\t<\/div>\n\t\t<\/section>\n\t\t\t\t\t<\/div>\n\t\t<\/div>\n\t\t\t\t<div class=\"elementor-column elementor-col-50 elementor-top-column elementor-element elementor-element-44f3323b\" data-id=\"44f3323b\" data-element_type=\"column\">\n\t\t\t<div class=\"elementor-widget-wrap elementor-element-populated\">\n\t\t\t\t\t\t<section class=\"elementor-section elementor-inner-section elementor-element elementor-element-437e952d elementor-section-full_width elementor-section-content-middle elementor-section-height-default elementor-section-height-default\" data-id=\"437e952d\" data-element_type=\"section\" data-settings=\"{&quot;background_background&quot;:&quot;classic&quot;}\">\n\t\t\t\t\t\t<div class=\"elementor-container elementor-column-gap-no\">\n\t\t\t\t\t<div class=\"elementor-column elementor-col-100 elementor-inner-column elementor-element elementor-element-363f9d19\" data-id=\"363f9d19\" data-element_type=\"column\" data-settings=\"{&quot;background_background&quot;:&quot;classic&quot;}\">\n\t\t\t<div class=\"elementor-widget-wrap elementor-element-populated\">\n\t\t\t\t\t\t<div class=\"elementor-element elementor-element-416a2aaa elementor-widget__width-initial elementor-widget-mobile__width-inherit elementor-widget elementor-widget-heading\" data-id=\"416a2aaa\" data-element_type=\"widget\" data-widget_type=\"heading.default\">\n\t\t\t\t<div class=\"elementor-widget-container\">\n\t\t\t\t\t<h4 class=\"elementor-heading-title elementor-size-default\">Si sos una emprendedora que est\u00e1 buscando refrescar su imagen de marca y comenzar con una nueva cara su camino digital \u00a1Vamos all\u00e1! <b>Los cupos son limitados<\/b>.<\/h4>\t\t\t\t<\/div>\n\t\t\t\t<\/div>\n\t\t\t\t<div class=\"elementor-element elementor-element-5770fa5b elementor-align-right elementor-widget__width-initial elementor-mobile-align-left elementor-widget-mobile__width-inherit elementor-tablet-align-left elementor-widget elementor-widget-button\" data-id=\"5770fa5b\" data-element_type=\"widget\" data-settings=\"{&quot;motion_fx_motion_fx_scrolling&quot;:&quot;yes&quot;,&quot;motion_fx_scale_effect&quot;:&quot;yes&quot;,&quot;motion_fx_scale_direction&quot;:&quot;in-out&quot;,&quot;motion_fx_scale_speed&quot;:{&quot;unit&quot;:&quot;px&quot;,&quot;size&quot;:&quot;1&quot;,&quot;sizes&quot;:[]},&quot;motion_fx_scale_range&quot;:{&quot;unit&quot;:&quot;%&quot;,&quot;size&quot;:&quot;&quot;,&quot;sizes&quot;:{&quot;start&quot;:&quot;0&quot;,&quot;end&quot;:&quot;25&quot;}},&quot;motion_fx_devices&quot;:[&quot;desktop&quot;,&quot;tablet&quot;,&quot;mobile&quot;]}\" data-widget_type=\"button.default\">\n\t\t\t\t<div class=\"elementor-widget-container\">\n\t\t\t\t\t\t\t\t\t<div class=\"elementor-button-wrapper\">\n\t\t\t\t\t<a class=\"elementor-button elementor-button-link elementor-size-sm\" href=\"https:\/\/tucaminodigital.com\/index.php\/home\/servicios\/\">\n\t\t\t\t\t\t<span class=\"elementor-button-content-wrapper\">\n\t\t\t\t\t\t\t\t\t<span class=\"elementor-button-text\">\u00a1Quiero!<\/span>\n\t\t\t\t\t<\/span>\n\t\t\t\t\t<\/a>\n\t\t\t\t<\/div>\n\t\t\t\t\t\t\t\t<\/div>\n\t\t\t\t<\/div>\n\t\t\t\t\t<\/div>\n\t\t<\/div>\n\t\t\t\t\t<\/div>\n\t\t<\/section>\n\t\t\t\t\t<\/div>\n\t\t<\/div>\n\t\t\t\t\t<\/div>\n\t\t<\/section>\n\t\t\t\t<\/div>\n\t\t","protected":false},"excerpt":{"rendered":"<p>\u00a1Hola! Mi nombre es Sofi Moyano Desde mi adolescencia descubr\u00ed lo feliz que me hace ayudar a emprendedoras a crear marcas que luzcan hermosas y funcionen correctamente. Desde ese entonces, supe que iba a dedicarme a fusionar el marketing, el branding y el dise\u00f1o para poder ayudar a quienes est\u00e9n en esa b\u00fasqueda. Y de [&hellip;]<\/p>\n","protected":false},"author":1,"featured_media":0,"parent":269,"menu_order":0,"comment_status":"closed","ping_status":"closed","template":"elementor_header_footer","meta":{"footnotes":""},"class_list":["post-259","page","type-page","status-publish","hentry"],"yoast_head":"<!-- This site is optimized with the Yoast SEO plugin v27.2 - https:\/\/yoast.com\/product\/yoast-seo-wordpress\/ -->\n<title>Sobre M\u00ed - Tu Camino Digital<\/title>\n<meta name=\"robots\" content=\"index, follow, max-snippet:-1, max-image-preview:large, max-video-preview:-1\" \/>\n<link rel=\"canonical\" href=\"https:\/\/tucaminodigital.com\/index.php\/home\/about\/\" \/>\n<meta property=\"og:locale\" content=\"es_ES\" \/>\n<meta property=\"og:type\" content=\"article\" \/>\n<meta property=\"og:title\" content=\"Sobre M\u00ed - Tu Camino Digital\" \/>\n<meta property=\"og:description\" content=\"\u00a1Hola! Mi nombre es Sofi Moyano Desde mi adolescencia descubr\u00ed lo feliz que me hace ayudar a emprendedoras a crear marcas que luzcan hermosas y funcionen correctamente. Desde ese entonces, supe que iba a dedicarme a fusionar el marketing, el branding y el dise\u00f1o para poder ayudar a quienes est\u00e9n en esa b\u00fasqueda. Y de [&hellip;]\" \/>\n<meta property=\"og:url\" content=\"https:\/\/tucaminodigital.com\/index.php\/home\/about\/\" \/>\n<meta property=\"og:site_name\" content=\"Tu Camino Digital\" \/>\n<meta property=\"article:modified_time\" content=\"2025-05-05T16:44:38+00:00\" \/>\n<meta name=\"twitter:card\" content=\"summary_large_image\" \/>\n<meta name=\"twitter:label1\" content=\"Tiempo de lectura\" \/>\n\t<meta name=\"twitter:data1\" content=\"2 minutos\" \/>\n<script type=\"application\/ld+json\" class=\"yoast-schema-graph\">{\"@context\":\"https:\/\/schema.org\",\"@graph\":[{\"@type\":\"WebPage\",\"@id\":\"https:\/\/tucaminodigital.com\/index.php\/home\/about\/\",\"url\":\"https:\/\/tucaminodigital.com\/index.php\/home\/about\/\",\"name\":\"Sobre M\u00ed - Tu Camino Digital\",\"isPartOf\":{\"@id\":\"https:\/\/tucaminodigital.com\/#website\"},\"datePublished\":\"2023-07-21T16:42:31+00:00\",\"dateModified\":\"2025-05-05T16:44:38+00:00\",\"breadcrumb\":{\"@id\":\"https:\/\/tucaminodigital.com\/index.php\/home\/about\/#breadcrumb\"},\"inLanguage\":\"es-AR\",\"potentialAction\":[{\"@type\":\"ReadAction\",\"target\":[\"https:\/\/tucaminodigital.com\/index.php\/home\/about\/\"]}]},{\"@type\":\"BreadcrumbList\",\"@id\":\"https:\/\/tucaminodigital.com\/index.php\/home\/about\/#breadcrumb\",\"itemListElement\":[{\"@type\":\"ListItem\",\"position\":1,\"name\":\"Inicio\",\"item\":\"https:\/\/tucaminodigital.com\/\"},{\"@type\":\"ListItem\",\"position\":2,\"name\":\"Inicio\",\"item\":\"https:\/\/tucaminodigital.com\/\"},{\"@type\":\"ListItem\",\"position\":3,\"name\":\"Sobre M\u00ed\"}]},{\"@type\":\"WebSite\",\"@id\":\"https:\/\/tucaminodigital.com\/#website\",\"url\":\"https:\/\/tucaminodigital.com\/\",\"name\":\"Tu Camino Digital\",\"description\":\"\",\"publisher\":{\"@id\":\"https:\/\/tucaminodigital.com\/#\/schema\/person\/56dca07a799200d20a4fc9e6e5babc0c\"},\"potentialAction\":[{\"@type\":\"SearchAction\",\"target\":{\"@type\":\"EntryPoint\",\"urlTemplate\":\"https:\/\/tucaminodigital.com\/?s={search_term_string}\"},\"query-input\":{\"@type\":\"PropertyValueSpecification\",\"valueRequired\":true,\"valueName\":\"search_term_string\"}}],\"inLanguage\":\"es-AR\"},{\"@type\":[\"Person\",\"Organization\"],\"@id\":\"https:\/\/tucaminodigital.com\/#\/schema\/person\/56dca07a799200d20a4fc9e6e5babc0c\",\"name\":\"tucaminodigital.com\",\"image\":{\"@type\":\"ImageObject\",\"inLanguage\":\"es-AR\",\"@id\":\"https:\/\/tucaminodigital.com\/wp-content\/uploads\/2023\/07\/sOFI-mOYANO-2.svg\",\"url\":\"https:\/\/tucaminodigital.com\/wp-content\/uploads\/2023\/07\/sOFI-mOYANO-2.svg\",\"contentUrl\":\"https:\/\/tucaminodigital.com\/wp-content\/uploads\/2023\/07\/sOFI-mOYANO-2.svg\",\"width\":200,\"height\":100,\"caption\":\"tucaminodigital.com\"},\"logo\":{\"@id\":\"https:\/\/tucaminodigital.com\/wp-content\/uploads\/2023\/07\/sOFI-mOYANO-2.svg\"},\"sameAs\":[\"http:\/\/canva.com\/p\/tu-camino-digital\/\",\"instagram.com\/tucaminodigital2.0\"]}]}<\/script>\n<!-- \/ Yoast SEO plugin. -->","yoast_head_json":{"title":"Sobre M\u00ed - Tu Camino Digital","robots":{"index":"index","follow":"follow","max-snippet":"max-snippet:-1","max-image-preview":"max-image-preview:large","max-video-preview":"max-video-preview:-1"},"canonical":"https:\/\/tucaminodigital.com\/index.php\/home\/about\/","og_locale":"es_ES","og_type":"article","og_title":"Sobre M\u00ed - Tu Camino Digital","og_description":"\u00a1Hola! Mi nombre es Sofi Moyano Desde mi adolescencia descubr\u00ed lo feliz que me hace ayudar a emprendedoras a crear marcas que luzcan hermosas y funcionen correctamente. Desde ese entonces, supe que iba a dedicarme a fusionar el marketing, el branding y el dise\u00f1o para poder ayudar a quienes est\u00e9n en esa b\u00fasqueda. Y de [&hellip;]","og_url":"https:\/\/tucaminodigital.com\/index.php\/home\/about\/","og_site_name":"Tu Camino Digital","article_modified_time":"2025-05-05T16:44:38+00:00","twitter_card":"summary_large_image","twitter_misc":{"Tiempo de lectura":"2 minutos"},"schema":{"@context":"https:\/\/schema.org","@graph":[{"@type":"WebPage","@id":"https:\/\/tucaminodigital.com\/index.php\/home\/about\/","url":"https:\/\/tucaminodigital.com\/index.php\/home\/about\/","name":"Sobre M\u00ed - Tu Camino Digital","isPartOf":{"@id":"https:\/\/tucaminodigital.com\/#website"},"datePublished":"2023-07-21T16:42:31+00:00","dateModified":"2025-05-05T16:44:38+00:00","breadcrumb":{"@id":"https:\/\/tucaminodigital.com\/index.php\/home\/about\/#breadcrumb"},"inLanguage":"es-AR","potentialAction":[{"@type":"ReadAction","target":["https:\/\/tucaminodigital.com\/index.php\/home\/about\/"]}]},{"@type":"BreadcrumbList","@id":"https:\/\/tucaminodigital.com\/index.php\/home\/about\/#breadcrumb","itemListElement":[{"@type":"ListItem","position":1,"name":"Inicio","item":"https:\/\/tucaminodigital.com\/"},{"@type":"ListItem","position":2,"name":"Inicio","item":"https:\/\/tucaminodigital.com\/"},{"@type":"ListItem","position":3,"name":"Sobre M\u00ed"}]},{"@type":"WebSite","@id":"https:\/\/tucaminodigital.com\/#website","url":"https:\/\/tucaminodigital.com\/","name":"Tu Camino Digital","description":"","publisher":{"@id":"https:\/\/tucaminodigital.com\/#\/schema\/person\/56dca07a799200d20a4fc9e6e5babc0c"},"potentialAction":[{"@type":"SearchAction","target":{"@type":"EntryPoint","urlTemplate":"https:\/\/tucaminodigital.com\/?s={search_term_string}"},"query-input":{"@type":"PropertyValueSpecification","valueRequired":true,"valueName":"search_term_string"}}],"inLanguage":"es-AR"},{"@type":["Person","Organization"],"@id":"https:\/\/tucaminodigital.com\/#\/schema\/person\/56dca07a799200d20a4fc9e6e5babc0c","name":"tucaminodigital.com","image":{"@type":"ImageObject","inLanguage":"es-AR","@id":"https:\/\/tucaminodigital.com\/wp-content\/uploads\/2023\/07\/sOFI-mOYANO-2.svg","url":"https:\/\/tucaminodigital.com\/wp-content\/uploads\/2023\/07\/sOFI-mOYANO-2.svg","contentUrl":"https:\/\/tucaminodigital.com\/wp-content\/uploads\/2023\/07\/sOFI-mOYANO-2.svg","width":200,"height":100,"caption":"tucaminodigital.com"},"logo":{"@id":"https:\/\/tucaminodigital.com\/wp-content\/uploads\/2023\/07\/sOFI-mOYANO-2.svg"},"sameAs":["http:\/\/canva.com\/p\/tu-camino-digital\/","instagram.com\/tucaminodigital2.0"]}]}},"_links":{"self":[{"href":"https:\/\/tucaminodigital.com\/index.php\/wp-json\/wp\/v2\/pages\/259","targetHints":{"allow":["GET"]}}],"collection":[{"href":"https:\/\/tucaminodigital.com\/index.php\/wp-json\/wp\/v2\/pages"}],"about":[{"href":"https:\/\/tucaminodigital.com\/index.php\/wp-json\/wp\/v2\/types\/page"}],"author":[{"embeddable":true,"href":"https:\/\/tucaminodigital.com\/index.php\/wp-json\/wp\/v2\/users\/1"}],"replies":[{"embeddable":true,"href":"https:\/\/tucaminodigital.com\/index.php\/wp-json\/wp\/v2\/comments?post=259"}],"version-history":[{"count":65,"href":"https:\/\/tucaminodigital.com\/index.php\/wp-json\/wp\/v2\/pages\/259\/revisions"}],"predecessor-version":[{"id":1004,"href":"https:\/\/tucaminodigital.com\/index.php\/wp-json\/wp\/v2\/pages\/259\/revisions\/1004"}],"up":[{"embeddable":true,"href":"https:\/\/tucaminodigital.com\/index.php\/wp-json\/wp\/v2\/pages\/269"}],"wp:attachment":[{"href":"https:\/\/tucaminodigital.com\/index.php\/wp-json\/wp\/v2\/media?parent=259"}],"curies":[{"name":"wp","href":"https:\/\/api.w.org\/{rel}","templated":true}]}}